{"id":135,"date":"2017-06-14T11:05:39","date_gmt":"2017-06-14T11:05:39","guid":{"rendered":"http:\/\/themes.getmotopress.com\/villagio\/?page_id=135"},"modified":"2023-12-11T12:19:27","modified_gmt":"2023-12-11T12:19:27","slug":"chi-siamo","status":"publish","type":"page","link":"https:\/\/tribecaestate.it\/index.php\/chi-siamo\/","title":{"rendered":"Chi siamo"},"content":{"rendered":"\t\t<div data-elementor-type=\"wp-page\" data-elementor-id=\"135\" class=\"elementor elementor-135\">\n\t\t\t\t<div class=\"elementor-element elementor-element-55f91d56 e-flex e-con-boxed e-con e-parent\" data-id=\"55f91d56\" data-element_type=\"container\">\n\t\t\t\t\t<div class=\"e-con-inner\">\n\t\t\t\t<div class=\"elementor-element elementor-element-7f7b8818 elementor-widget elementor-widget-text-editor\" data-id=\"7f7b8818\" data-element_type=\"widget\" data-widget_type=\"text-editor.default\">\n\t\t\t\t<div class=\"elementor-widget-container\">\n\t\t\t\t\t\t\t\t\t<p>Tribeca Estate si dedica alla gestione di appartamenti e strutture ricettive di dimensioni ridotte destinate all&#8217;uso turistico. Contestualmente, offriamo una serie di servizi finalizzati a garantire un&#8217;esperienza ottimale per gli ospiti che soggiornano presso tali strutture.<\/p><p>Da diversi anni, portiamo avanti un progetto innovativo che ha radicalmente trasformato l&#8217;approccio alla locazione turistica. Forniamo a chi desidera mettere in affitto la propria propriet\u00e0 la formula pi\u00f9 adatta alle proprie esigenze. Al contempo, offriamo a coloro che cercano alloggio turistico l&#8217;opportunit\u00e0 di vivere un&#8217;esperienza memorabile nelle nostre strutture.<\/p><p>L&#8217;innovazione di Tribeca Estate si basa sulla capacit\u00e0 di stabilire rapporti a lungo termine con i proprietari degli immobili, basati su tre principi fondamentali: reputazione, affidabilit\u00e0 e qualit\u00e0. Questi pilastri ci consentono di creare offerte flessibili che conferiscono un valore extra alla locazione.<\/p>\t\t\t\t\t\t\t\t<\/div>\n\t\t\t\t<\/div>\n\t\t\t\t\t<\/div>\n\t\t\t\t<\/div>\n\t\t<div class=\"elementor-element elementor-element-99e8ba1 e-flex e-con-boxed e-con e-parent\" data-id=\"99e8ba1\" data-element_type=\"container\">\n\t\t\t\t\t<div class=\"e-con-inner\">\n\t\t<div class=\"elementor-element elementor-element-96d560e e-con-full e-flex e-con e-child\" data-id=\"96d560e\" data-element_type=\"container\">\n\t\t\t\t<\/div>\n\t\t<div class=\"elementor-element elementor-element-4755669 e-con-full e-flex e-con e-child\" data-id=\"4755669\" data-element_type=\"container\">\n\t\t\t\t<\/div>\n\t\t\t\t\t<\/div>\n\t\t\t\t<\/div>\n\t\t<div class=\"elementor-element elementor-element-478c5a0 e-flex e-con-boxed e-con e-parent\" data-id=\"478c5a0\" data-element_type=\"container\">\n\t\t\t\t\t<div class=\"e-con-inner\">\n\t\t<div class=\"elementor-element elementor-element-1c8ab43 e-con-full e-flex e-con e-child\" data-id=\"1c8ab43\" data-element_type=\"container\">\n\t\t\t\t<div class=\"elementor-element elementor-element-b187c21 elementor-widget elementor-widget-heading\" data-id=\"b187c21\" data-element_type=\"widget\" data-widget_type=\"heading.default\">\n\t\t\t\t<div class=\"elementor-widget-container\">\n\t\t\t\t\t<h2 class=\"elementor-heading-title elementor-size-default\">La nostra MISSIONE<\/h2>\t\t\t\t<\/div>\n\t\t\t\t<\/div>\n\t\t\t\t<div class=\"elementor-element elementor-element-b7bf46a elementor-widget-divider--view-line elementor-widget elementor-widget-divider\" data-id=\"b7bf46a\" data-element_type=\"widget\" data-widget_type=\"divider.default\">\n\t\t\t\t<div class=\"elementor-widget-container\">\n\t\t\t\t\t\t\t<div class=\"elementor-divider\">\n\t\t\t<span class=\"elementor-divider-separator\">\n\t\t\t\t\t\t<\/span>\n\t\t<\/div>\n\t\t\t\t\t\t<\/div>\n\t\t\t\t<\/div>\n\t\t\t\t<div class=\"elementor-element elementor-element-060a6c2 elementor-widget elementor-widget-text-editor\" data-id=\"060a6c2\" data-element_type=\"widget\" data-widget_type=\"text-editor.default\">\n\t\t\t\t<div class=\"elementor-widget-container\">\n\t\t\t\t\t\t\t\t\t<p>Vogliamo contribuire a valorizzare, migliorare e a preservare la bellezza e l\u2019unicita\u0300 delle nostre case e delle nostre citta\u0300<\/p>\t\t\t\t\t\t\t\t<\/div>\n\t\t\t\t<\/div>\n\t\t\t\t<\/div>\n\t\t<div class=\"elementor-element elementor-element-f294455 e-con-full e-flex e-con e-child\" data-id=\"f294455\" data-element_type=\"container\">\n\t\t\t\t<div class=\"elementor-element elementor-element-50d137a elementor-widget elementor-widget-image\" data-id=\"50d137a\" data-element_type=\"widget\" data-widget_type=\"image.default\">\n\t\t\t\t<div class=\"elementor-widget-container\">\n\t\t\t\t\t\t\t\t\t\t\t\t\t\t\t<img fetchpriority=\"high\" decoding=\"async\" width=\"769\" height=\"514\" src=\"https:\/\/tribecaestate.it\/wp-content\/uploads\/2023\/12\/2023-11-Termini-Roma_-29-1024x684.jpg\" class=\"attachment-large size-large wp-image-827\" alt=\"\" srcset=\"https:\/\/tribecaestate.it\/wp-content\/uploads\/2023\/12\/2023-11-Termini-Roma_-29-1024x684.jpg 1024w, https:\/\/tribecaestate.it\/wp-content\/uploads\/2023\/12\/2023-11-Termini-Roma_-29-scaled-712x475.jpg 712w, https:\/\/tribecaestate.it\/wp-content\/uploads\/2023\/12\/2023-11-Termini-Roma_-29-300x200.jpg 300w, https:\/\/tribecaestate.it\/wp-content\/uploads\/2023\/12\/2023-11-Termini-Roma_-29-768x513.jpg 768w, https:\/\/tribecaestate.it\/wp-content\/uploads\/2023\/12\/2023-11-Termini-Roma_-29-1536x1025.jpg 1536w, https:\/\/tribecaestate.it\/wp-content\/uploads\/2023\/12\/2023-11-Termini-Roma_-29-2048x1367.jpg 2048w, https:\/\/tribecaestate.it\/wp-content\/uploads\/2023\/12\/2023-11-Termini-Roma_-29-2000x1335.jpg 2000w, https:\/\/tribecaestate.it\/wp-content\/uploads\/2023\/12\/2023-11-Termini-Roma_-29-926x618.jpg 926w\" sizes=\"(max-width: 769px) 100vw, 769px\" \/>\t\t\t\t\t\t\t\t\t\t\t\t\t\t\t<\/div>\n\t\t\t\t<\/div>\n\t\t\t\t<\/div>\n\t\t\t\t\t<\/div>\n\t\t\t\t<\/div>\n\t\t<div class=\"elementor-element elementor-element-79c0ce4 e-flex e-con-boxed e-con e-parent\" data-id=\"79c0ce4\" data-element_type=\"container\">\n\t\t\t\t\t<div class=\"e-con-inner\">\n\t\t<div class=\"elementor-element elementor-element-d069b0f e-con-full e-flex e-con e-child\" data-id=\"d069b0f\" data-element_type=\"container\">\n\t\t\t\t<div class=\"elementor-element elementor-element-781eb4d elementor-widget elementor-widget-image\" data-id=\"781eb4d\" data-element_type=\"widget\" data-widget_type=\"image.default\">\n\t\t\t\t<div class=\"elementor-widget-container\">\n\t\t\t\t\t\t\t\t\t\t\t\t\t\t\t<img decoding=\"async\" width=\"720\" height=\"481\" src=\"https:\/\/tribecaestate.it\/wp-content\/uploads\/2017\/06\/d225b755-8b78-44ee-8c88-55b33f9e6776.webp\" class=\"attachment-large size-large wp-image-573\" alt=\"\" srcset=\"https:\/\/tribecaestate.it\/wp-content\/uploads\/2017\/06\/d225b755-8b78-44ee-8c88-55b33f9e6776.webp 720w, https:\/\/tribecaestate.it\/wp-content\/uploads\/2017\/06\/d225b755-8b78-44ee-8c88-55b33f9e6776-712x476.webp 712w, https:\/\/tribecaestate.it\/wp-content\/uploads\/2017\/06\/d225b755-8b78-44ee-8c88-55b33f9e6776-300x200.webp 300w\" sizes=\"(max-width: 720px) 100vw, 720px\" \/>\t\t\t\t\t\t\t\t\t\t\t\t\t\t\t<\/div>\n\t\t\t\t<\/div>\n\t\t\t\t<\/div>\n\t\t<div class=\"elementor-element elementor-element-84d5ae5 e-con-full e-flex e-con e-child\" data-id=\"84d5ae5\" data-element_type=\"container\">\n\t\t\t\t<div class=\"elementor-element elementor-element-b89e7af elementor-widget elementor-widget-heading\" data-id=\"b89e7af\" data-element_type=\"widget\" data-widget_type=\"heading.default\">\n\t\t\t\t<div class=\"elementor-widget-container\">\n\t\t\t\t\t<h2 class=\"elementor-heading-title elementor-size-default\">La nostra VISIONE<\/h2>\t\t\t\t<\/div>\n\t\t\t\t<\/div>\n\t\t\t\t<div class=\"elementor-element elementor-element-a8540c7 elementor-widget-divider--view-line elementor-widget elementor-widget-divider\" data-id=\"a8540c7\" data-element_type=\"widget\" data-widget_type=\"divider.default\">\n\t\t\t\t<div class=\"elementor-widget-container\">\n\t\t\t\t\t\t\t<div class=\"elementor-divider\">\n\t\t\t<span class=\"elementor-divider-separator\">\n\t\t\t\t\t\t<\/span>\n\t\t<\/div>\n\t\t\t\t\t\t<\/div>\n\t\t\t\t<\/div>\n\t\t\t\t<div class=\"elementor-element elementor-element-3ed5df7 elementor-widget elementor-widget-text-editor\" data-id=\"3ed5df7\" data-element_type=\"widget\" data-widget_type=\"text-editor.default\">\n\t\t\t\t<div class=\"elementor-widget-container\">\n\t\t\t\t\t\t\t\t\t<p>Essere il partner di riferimento per le strutture ricettive e gli appartamenti in locazione turistica, grazie a un supporto professionale che permetta di offrire la migliore soluzione per le esigenze di gestione<\/p>\t\t\t\t\t\t\t\t<\/div>\n\t\t\t\t<\/div>\n\t\t\t\t<\/div>\n\t\t\t\t\t<\/div>\n\t\t\t\t<\/div>\n\t\t\t\t<\/div>\n\t\t","protected":false},"excerpt":{"rendered":"<p>Tribeca Estate si dedica alla gestione di appartamenti e strutture ricettive di dimensioni ridotte destinate all&#8217;uso turistico. Contestualmente, offriamo una serie di servizi finalizzati a garantire un&#8217;esperienza ottimale per gli ospiti che soggiornano presso tali strutture. Da diversi anni, portiamo avanti un progetto innovativo che ha radicalmente trasformato l&#8217;approccio alla locazione turistica. Forniamo a chi &hellip; <a href=\"https:\/\/tribecaestate.it\/index.php\/chi-siamo\/\" class=\"more-link\">Continue reading<span class=\"screen-reader-text\"> &#8220;Chi siamo&#8221;<\/span><\/a><\/p>\n","protected":false},"author":1,"featured_media":841,"parent":0,"menu_order":0,"comment_status":"closed","ping_status":"closed","template":"template-wide-screen-page.php","meta":{"om_disable_all_campaigns":false,"_monsterinsights_skip_tracking":false,"_monsterinsights_sitenote_active":false,"_monsterinsights_sitenote_note":"","_monsterinsights_sitenote_category":0,"footnotes":""},"aioseo_notices":[],"_links":{"self":[{"href":"https:\/\/tribecaestate.it\/index.php\/wp-json\/wp\/v2\/pages\/135"}],"collection":[{"href":"https:\/\/tribecaestate.it\/index.php\/wp-json\/wp\/v2\/pages"}],"about":[{"href":"https:\/\/tribecaestate.it\/index.php\/wp-json\/wp\/v2\/types\/page"}],"author":[{"embeddable":true,"href":"https:\/\/tribecaestate.it\/index.php\/wp-json\/wp\/v2\/users\/1"}],"replies":[{"embeddable":true,"href":"https:\/\/tribecaestate.it\/index.php\/wp-json\/wp\/v2\/comments?post=135"}],"version-history":[{"count":7,"href":"https:\/\/tribecaestate.it\/index.php\/wp-json\/wp\/v2\/pages\/135\/revisions"}],"predecessor-version":[{"id":840,"href":"https:\/\/tribecaestate.it\/index.php\/wp-json\/wp\/v2\/pages\/135\/revisions\/840"}],"wp:featuredmedia":[{"embeddable":true,"href":"https:\/\/tribecaestate.it\/index.php\/wp-json\/wp\/v2\/media\/841"}],"wp:attachment":[{"href":"https:\/\/tribecaestate.it\/index.php\/wp-json\/wp\/v2\/media?parent=135"}],"curies":[{"name":"wp","href":"https:\/\/api.w.org\/{rel}","templated":true}]}}